{"id":15351,"date":"2024-09-18T17:37:31","date_gmt":"2024-09-18T14:37:31","guid":{"rendered":"https:\/\/order.openpos.tech\/bistrobravas\/produkt\/chevre-chicken-open-burger\/"},"modified":"2025-01-02T10:52:19","modified_gmt":"2025-01-02T08:52:19","slug":"chevre-chicken-open-burger","status":"publish","type":"product","link":"https:\/\/order.openpos.tech\/bistrobravas\/produkt\/chevre-chicken-open-burger\/","title":{"rendered":"Chevre &amp; Chicken Open Burger"},"content":{"rendered":"","protected":false},"excerpt":{"rendered":"<p>Paistettua vuohenjuustoa, friteerattua kanaa inkiv\u00e4\u00e4ri-karamellikastikkeessa, tomaattia, suolakurkkua, paholaisenhilloa, aiolia, briossis\u00e4mpyl\u00e4, aasialaista salaattia sek\u00e4 ranskalaisiaperunoita aiolilla ja parmesaanilla<\/p>\n","protected":false},"featured_media":0,"comment_status":"closed","ping_status":"closed","template":"","meta":[],"product_brand":[],"product_cat":[43],"product_tag":[],"class_list":{"0":"post-15351","1":"product","2":"type-product","3":"status-publish","5":"product_cat-mains","7":"first","8":"instock","9":"shipping-taxable","10":"purchasable","11":"product-type-simple"},"_links":{"self":[{"href":"https:\/\/order.openpos.tech\/bistrobravas\/wp-json\/wp\/v2\/product\/15351","targetHints":{"allow":["GET"]}}],"collection":[{"href":"https:\/\/order.openpos.tech\/bistrobravas\/wp-json\/wp\/v2\/product"}],"about":[{"href":"https:\/\/order.openpos.tech\/bistrobravas\/wp-json\/wp\/v2\/types\/product"}],"replies":[{"embeddable":true,"href":"https:\/\/order.openpos.tech\/bistrobravas\/wp-json\/wp\/v2\/comments?post=15351"}],"wp:attachment":[{"href":"https:\/\/order.openpos.tech\/bistrobravas\/wp-json\/wp\/v2\/media?parent=15351"}],"wp:term":[{"taxonomy":"product_brand","embeddable":true,"href":"https:\/\/order.openpos.tech\/bistrobravas\/wp-json\/wp\/v2\/product_brand?post=15351"},{"taxonomy":"product_cat","embeddable":true,"href":"https:\/\/order.openpos.tech\/bistrobravas\/wp-json\/wp\/v2\/product_cat?post=15351"},{"taxonomy":"product_tag","embeddable":true,"href":"https:\/\/order.openpos.tech\/bistrobravas\/wp-json\/wp\/v2\/product_tag?post=15351"}],"curies":[{"name":"wp","href":"https:\/\/api.w.org\/{rel}","templated":true}]}}