{"id":15647,"date":"2025-03-25T09:52:19","date_gmt":"2025-03-25T07:52:19","guid":{"rendered":"https:\/\/order.openpos.tech\/bistrobravas\/produkt\/chicken-salad\/"},"modified":"2025-05-26T12:22:46","modified_gmt":"2025-05-26T09:22:46","slug":"chicken-salad","status":"publish","type":"product","link":"https:\/\/order.openpos.tech\/bistrobravas\/produkt\/chicken-salad\/","title":{"rendered":"Crispy Chicken Salad"},"content":{"rendered":"","protected":false},"excerpt":{"rendered":"<p>paneroitua broilerin fileet\u00e4, romainesalaattia, pico de galloa, guacamolea, creme fraich\u00e9a, pikkel\u00f6ityj\u00e4 kurkkuja, coleslawta ja tuoretta chili\u00e4<br \/>\n.<br \/>\ncrispy chicken, romaine salad, pico de gallo, guacamole, creme fraich\u00e9, asian cucumber, coleslaw and fresh chili<\/p>\n","protected":false},"featured_media":0,"comment_status":"closed","ping_status":"closed","template":"","meta":[],"product_brand":[],"product_cat":[43],"product_tag":[],"class_list":{"0":"post-15647","1":"product","2":"type-product","3":"status-publish","5":"product_cat-mains","7":"first","8":"instock","9":"shipping-taxable","10":"purchasable","11":"product-type-simple"},"_links":{"self":[{"href":"https:\/\/order.openpos.tech\/bistrobravas\/wp-json\/wp\/v2\/product\/15647","targetHints":{"allow":["GET"]}}],"collection":[{"href":"https:\/\/order.openpos.tech\/bistrobravas\/wp-json\/wp\/v2\/product"}],"about":[{"href":"https:\/\/order.openpos.tech\/bistrobravas\/wp-json\/wp\/v2\/types\/product"}],"replies":[{"embeddable":true,"href":"https:\/\/order.openpos.tech\/bistrobravas\/wp-json\/wp\/v2\/comments?post=15647"}],"wp:attachment":[{"href":"https:\/\/order.openpos.tech\/bistrobravas\/wp-json\/wp\/v2\/media?parent=15647"}],"wp:term":[{"taxonomy":"product_brand","embeddable":true,"href":"https:\/\/order.openpos.tech\/bistrobravas\/wp-json\/wp\/v2\/product_brand?post=15647"},{"taxonomy":"product_cat","embeddable":true,"href":"https:\/\/order.openpos.tech\/bistrobravas\/wp-json\/wp\/v2\/product_cat?post=15647"},{"taxonomy":"product_tag","embeddable":true,"href":"https:\/\/order.openpos.tech\/bistrobravas\/wp-json\/wp\/v2\/product_tag?post=15647"}],"curies":[{"name":"wp","href":"https:\/\/api.w.org\/{rel}","templated":true}]}}