{"id":15653,"date":"2025-03-25T15:22:29","date_gmt":"2025-03-25T13:22:29","guid":{"rendered":"https:\/\/order.openpos.tech\/bistrobravas\/produkt\/shanghai-taco\/"},"modified":"2026-04-07T14:23:01","modified_gmt":"2026-04-07T11:23:01","slug":"shanghai-taco","status":"publish","type":"product","link":"https:\/\/order.openpos.tech\/bistrobravas\/produkt\/shanghai-taco\/","title":{"rendered":"Shanghai Taco"},"content":{"rendered":"","protected":false},"excerpt":{"rendered":"<p>Parathalettu, chilimajoneesia, hoisinkastiketta, salaattia, paahdettua sipulia, tuoretta chili\u00e4, lime\u00e4, seesaminsiemeni\u00e4 sek\u00e4 valitsemasi t\u00e4yte:<br \/>\n&#8211; Gochujang Crispy Chicken<br \/>\n&#8211; Halloumi<br \/>\n&#8211; Pulled Pork<\/p>\n","protected":false},"featured_media":0,"comment_status":"closed","ping_status":"closed","template":"","meta":[],"product_brand":[],"product_cat":[43],"product_tag":[],"class_list":{"0":"post-15653","1":"product","2":"type-product","3":"status-publish","5":"product_cat-mains","7":"first","8":"instock","9":"shipping-taxable","10":"purchasable","11":"product-type-simple"},"_links":{"self":[{"href":"https:\/\/order.openpos.tech\/bistrobravas\/wp-json\/wp\/v2\/product\/15653","targetHints":{"allow":["GET"]}}],"collection":[{"href":"https:\/\/order.openpos.tech\/bistrobravas\/wp-json\/wp\/v2\/product"}],"about":[{"href":"https:\/\/order.openpos.tech\/bistrobravas\/wp-json\/wp\/v2\/types\/product"}],"replies":[{"embeddable":true,"href":"https:\/\/order.openpos.tech\/bistrobravas\/wp-json\/wp\/v2\/comments?post=15653"}],"wp:attachment":[{"href":"https:\/\/order.openpos.tech\/bistrobravas\/wp-json\/wp\/v2\/media?parent=15653"}],"wp:term":[{"taxonomy":"product_brand","embeddable":true,"href":"https:\/\/order.openpos.tech\/bistrobravas\/wp-json\/wp\/v2\/product_brand?post=15653"},{"taxonomy":"product_cat","embeddable":true,"href":"https:\/\/order.openpos.tech\/bistrobravas\/wp-json\/wp\/v2\/product_cat?post=15653"},{"taxonomy":"product_tag","embeddable":true,"href":"https:\/\/order.openpos.tech\/bistrobravas\/wp-json\/wp\/v2\/product_tag?post=15653"}],"curies":[{"name":"wp","href":"https:\/\/api.w.org\/{rel}","templated":true}]}}