{"id":4941,"date":"2023-09-08T13:20:54","date_gmt":"2023-09-08T10:20:54","guid":{"rendered":"https:\/\/order.openpos.tech\/bistrobravas\/produkt\/halloum-burger\/"},"modified":"2024-01-10T16:52:09","modified_gmt":"2024-01-10T14:52:09","slug":"halloum-burger","status":"publish","type":"product","link":"https:\/\/order.openpos.tech\/bistrobravas\/produkt\/halloum-burger\/","title":{"rendered":"Halloumi Burger"},"content":{"rendered":"","protected":false},"excerpt":{"rendered":"<p>halloumijuustopihvi, tomaattia, suolakurkkua, chilimajoneesia, aiolia, briossis\u00e4mpyl\u00e4 sek\u00e4 ranskanperunoita parmesaanilla ja aiolilla<br \/>\n.<br \/>\nhalloumi, tomatoes, pickles, chili mayo, aioli brioche bun and fries with parmesan and aioli<\/p>\n","protected":false},"featured_media":0,"comment_status":"closed","ping_status":"closed","template":"","meta":[],"product_brand":[],"product_cat":[43],"product_tag":[],"class_list":{"0":"post-4941","1":"product","2":"type-product","3":"status-publish","5":"product_cat-mains","7":"first","8":"instock","9":"shipping-taxable","10":"purchasable","11":"product-type-simple"},"_links":{"self":[{"href":"https:\/\/order.openpos.tech\/bistrobravas\/wp-json\/wp\/v2\/product\/4941","targetHints":{"allow":["GET"]}}],"collection":[{"href":"https:\/\/order.openpos.tech\/bistrobravas\/wp-json\/wp\/v2\/product"}],"about":[{"href":"https:\/\/order.openpos.tech\/bistrobravas\/wp-json\/wp\/v2\/types\/product"}],"replies":[{"embeddable":true,"href":"https:\/\/order.openpos.tech\/bistrobravas\/wp-json\/wp\/v2\/comments?post=4941"}],"wp:attachment":[{"href":"https:\/\/order.openpos.tech\/bistrobravas\/wp-json\/wp\/v2\/media?parent=4941"}],"wp:term":[{"taxonomy":"product_brand","embeddable":true,"href":"https:\/\/order.openpos.tech\/bistrobravas\/wp-json\/wp\/v2\/product_brand?post=4941"},{"taxonomy":"product_cat","embeddable":true,"href":"https:\/\/order.openpos.tech\/bistrobravas\/wp-json\/wp\/v2\/product_cat?post=4941"},{"taxonomy":"product_tag","embeddable":true,"href":"https:\/\/order.openpos.tech\/bistrobravas\/wp-json\/wp\/v2\/product_tag?post=4941"}],"curies":[{"name":"wp","href":"https:\/\/api.w.org\/{rel}","templated":true}]}}