{"id":4943,"date":"2023-09-08T13:20:54","date_gmt":"2023-09-08T10:20:54","guid":{"rendered":"https:\/\/order.openpos.tech\/bistrobravas\/produkt\/asian-crayfish-salad\/"},"modified":"2024-04-03T20:22:40","modified_gmt":"2024-04-03T17:22:40","slug":"asian-crayfish-salad","status":"publish","type":"product","link":"https:\/\/order.openpos.tech\/bistrobravas\/produkt\/asian-crayfish-salad\/","title":{"rendered":"Asian Tuna Salad"},"content":{"rendered":"","protected":false},"excerpt":{"rendered":"<p>tonnikalatahnaa, salaattia, punakaalia, porkkanaa, vietnamilaista kastiketta ja suolap\u00e4hkin\u00f6it\u00e4<br \/>\n.<br \/>\ntuna mayo, salad, red cabbage, carrot, Vietnamese sauce and salted nuts<\/p>\n","protected":false},"featured_media":0,"comment_status":"closed","ping_status":"closed","template":"","meta":[],"product_brand":[],"product_cat":[43],"product_tag":[],"class_list":{"0":"post-4943","1":"product","2":"type-product","3":"status-publish","5":"product_cat-mains","7":"first","8":"instock","9":"shipping-taxable","10":"purchasable","11":"product-type-simple"},"_links":{"self":[{"href":"https:\/\/order.openpos.tech\/bistrobravas\/wp-json\/wp\/v2\/product\/4943","targetHints":{"allow":["GET"]}}],"collection":[{"href":"https:\/\/order.openpos.tech\/bistrobravas\/wp-json\/wp\/v2\/product"}],"about":[{"href":"https:\/\/order.openpos.tech\/bistrobravas\/wp-json\/wp\/v2\/types\/product"}],"replies":[{"embeddable":true,"href":"https:\/\/order.openpos.tech\/bistrobravas\/wp-json\/wp\/v2\/comments?post=4943"}],"wp:attachment":[{"href":"https:\/\/order.openpos.tech\/bistrobravas\/wp-json\/wp\/v2\/media?parent=4943"}],"wp:term":[{"taxonomy":"product_brand","embeddable":true,"href":"https:\/\/order.openpos.tech\/bistrobravas\/wp-json\/wp\/v2\/product_brand?post=4943"},{"taxonomy":"product_cat","embeddable":true,"href":"https:\/\/order.openpos.tech\/bistrobravas\/wp-json\/wp\/v2\/product_cat?post=4943"},{"taxonomy":"product_tag","embeddable":true,"href":"https:\/\/order.openpos.tech\/bistrobravas\/wp-json\/wp\/v2\/product_tag?post=4943"}],"curies":[{"name":"wp","href":"https:\/\/api.w.org\/{rel}","templated":true}]}}