{"id":4944,"date":"2023-09-08T13:20:54","date_gmt":"2023-09-08T10:20:54","guid":{"rendered":"https:\/\/order.openpos.tech\/bistrobravas\/produkt\/pasta-pil-pil\/"},"modified":"2026-04-05T19:53:00","modified_gmt":"2026-04-05T16:53:00","slug":"pasta-pil-pil","status":"publish","type":"product","link":"https:\/\/order.openpos.tech\/bistrobravas\/produkt\/pasta-pil-pil\/","title":{"rendered":"Pasta Pil Pil"},"content":{"rendered":"","protected":false},"excerpt":{"rendered":"<p>Rummon linguinepastaa, valkosipuli-chili\u00f6ljyss\u00e4 paistettuja j\u00e4ttikatkaravunpyrst\u00f6j\u00e4 ja parmesaania<br \/>\n.<br \/>\nLinguine pasta, shrimps fried in garlic chili oil and parmesan<\/p>\n","protected":false},"featured_media":0,"comment_status":"closed","ping_status":"closed","template":"","meta":[],"product_brand":[],"product_cat":[43],"product_tag":[],"class_list":{"0":"post-4944","1":"product","2":"type-product","3":"status-publish","5":"product_cat-mains","7":"first","8":"instock","9":"shipping-taxable","10":"purchasable","11":"product-type-simple"},"_links":{"self":[{"href":"https:\/\/order.openpos.tech\/bistrobravas\/wp-json\/wp\/v2\/product\/4944","targetHints":{"allow":["GET"]}}],"collection":[{"href":"https:\/\/order.openpos.tech\/bistrobravas\/wp-json\/wp\/v2\/product"}],"about":[{"href":"https:\/\/order.openpos.tech\/bistrobravas\/wp-json\/wp\/v2\/types\/product"}],"replies":[{"embeddable":true,"href":"https:\/\/order.openpos.tech\/bistrobravas\/wp-json\/wp\/v2\/comments?post=4944"}],"wp:attachment":[{"href":"https:\/\/order.openpos.tech\/bistrobravas\/wp-json\/wp\/v2\/media?parent=4944"}],"wp:term":[{"taxonomy":"product_brand","embeddable":true,"href":"https:\/\/order.openpos.tech\/bistrobravas\/wp-json\/wp\/v2\/product_brand?post=4944"},{"taxonomy":"product_cat","embeddable":true,"href":"https:\/\/order.openpos.tech\/bistrobravas\/wp-json\/wp\/v2\/product_cat?post=4944"},{"taxonomy":"product_tag","embeddable":true,"href":"https:\/\/order.openpos.tech\/bistrobravas\/wp-json\/wp\/v2\/product_tag?post=4944"}],"curies":[{"name":"wp","href":"https:\/\/api.w.org\/{rel}","templated":true}]}}