{"id":540,"date":"2023-05-22T15:45:01","date_gmt":"2023-05-22T12:45:01","guid":{"rendered":"https:\/\/order.openpos.tech\/bistrobravas\/produkt\/burger-360g\/"},"modified":"2024-01-10T16:51:25","modified_gmt":"2024-01-10T14:51:25","slug":"burger-360g","status":"publish","type":"product","link":"https:\/\/order.openpos.tech\/bistrobravas\/produkt\/burger-360g\/","title":{"rendered":"Double Burger"},"content":{"rendered":"","protected":false},"excerpt":{"rendered":"<p>kaksi naudan t\u00e4yslihapihvi\u00e4, Monterey Jack -juustoa, tomaattia, suolakurkkua, chilimajoneesia, burgerkastiketta, briossis\u00e4mpyl\u00e4 sek\u00e4 ranskanperunoita parmesaanilla ja aiolilla<\/p>\n<p>two beef patties, Monterey Jack cheese, tomatoes, pickles, chili mayo, burger sauce, brioche bun and fries with parmesan and aioli<\/p>\n","protected":false},"featured_media":0,"comment_status":"closed","ping_status":"closed","template":"","meta":[],"product_brand":[],"product_cat":[43],"product_tag":[],"class_list":{"0":"post-540","1":"product","2":"type-product","3":"status-publish","5":"product_cat-mains","7":"first","8":"instock","9":"shipping-taxable","10":"purchasable","11":"product-type-simple"},"_links":{"self":[{"href":"https:\/\/order.openpos.tech\/bistrobravas\/wp-json\/wp\/v2\/product\/540","targetHints":{"allow":["GET"]}}],"collection":[{"href":"https:\/\/order.openpos.tech\/bistrobravas\/wp-json\/wp\/v2\/product"}],"about":[{"href":"https:\/\/order.openpos.tech\/bistrobravas\/wp-json\/wp\/v2\/types\/product"}],"replies":[{"embeddable":true,"href":"https:\/\/order.openpos.tech\/bistrobravas\/wp-json\/wp\/v2\/comments?post=540"}],"wp:attachment":[{"href":"https:\/\/order.openpos.tech\/bistrobravas\/wp-json\/wp\/v2\/media?parent=540"}],"wp:term":[{"taxonomy":"product_brand","embeddable":true,"href":"https:\/\/order.openpos.tech\/bistrobravas\/wp-json\/wp\/v2\/product_brand?post=540"},{"taxonomy":"product_cat","embeddable":true,"href":"https:\/\/order.openpos.tech\/bistrobravas\/wp-json\/wp\/v2\/product_cat?post=540"},{"taxonomy":"product_tag","embeddable":true,"href":"https:\/\/order.openpos.tech\/bistrobravas\/wp-json\/wp\/v2\/product_tag?post=540"}],"curies":[{"name":"wp","href":"https:\/\/api.w.org\/{rel}","templated":true}]}}