{"id":553,"date":"2023-05-22T15:45:02","date_gmt":"2023-05-22T12:45:02","guid":{"rendered":"https:\/\/order.openpos.tech\/bistrobravas\/produkt\/pilpil-large\/"},"modified":"2026-04-05T23:21:45","modified_gmt":"2026-04-05T20:21:45","slug":"pilpil-large","status":"publish","type":"product","link":"https:\/\/order.openpos.tech\/bistrobravas\/produkt\/pilpil-large\/","title":{"rendered":"Gambas PilPil 10pcs"},"content":{"rendered":"","protected":false},"excerpt":{"rendered":"<p>valkosipuli-chili\u00f6ljyss\u00e4 paistettuja j\u00e4ttikatkaravunpyrst\u00f6j\u00e4, talon leip\u00e4\u00e4 ja aiolia<br \/>\n.<br \/>\nshrimp fried in garlic-chili oil with house bread and aioli<\/p>\n","protected":false},"featured_media":0,"comment_status":"closed","ping_status":"closed","template":"","meta":[],"product_brand":[],"product_cat":[43],"product_tag":[],"class_list":{"0":"post-553","1":"product","2":"type-product","3":"status-publish","5":"product_cat-mains","7":"first","8":"instock","9":"shipping-taxable","10":"purchasable","11":"product-type-simple"},"_links":{"self":[{"href":"https:\/\/order.openpos.tech\/bistrobravas\/wp-json\/wp\/v2\/product\/553","targetHints":{"allow":["GET"]}}],"collection":[{"href":"https:\/\/order.openpos.tech\/bistrobravas\/wp-json\/wp\/v2\/product"}],"about":[{"href":"https:\/\/order.openpos.tech\/bistrobravas\/wp-json\/wp\/v2\/types\/product"}],"replies":[{"embeddable":true,"href":"https:\/\/order.openpos.tech\/bistrobravas\/wp-json\/wp\/v2\/comments?post=553"}],"wp:attachment":[{"href":"https:\/\/order.openpos.tech\/bistrobravas\/wp-json\/wp\/v2\/media?parent=553"}],"wp:term":[{"taxonomy":"product_brand","embeddable":true,"href":"https:\/\/order.openpos.tech\/bistrobravas\/wp-json\/wp\/v2\/product_brand?post=553"},{"taxonomy":"product_cat","embeddable":true,"href":"https:\/\/order.openpos.tech\/bistrobravas\/wp-json\/wp\/v2\/product_cat?post=553"},{"taxonomy":"product_tag","embeddable":true,"href":"https:\/\/order.openpos.tech\/bistrobravas\/wp-json\/wp\/v2\/product_tag?post=553"}],"curies":[{"name":"wp","href":"https:\/\/api.w.org\/{rel}","templated":true}]}}