{"id":660,"date":"2023-05-29T18:21:00","date_gmt":"2023-05-29T15:21:00","guid":{"rendered":"https:\/\/order.openpos.tech\/bistrobravas\/produkt\/crayfish-salad\/"},"modified":"2024-05-27T12:51:48","modified_gmt":"2024-05-27T09:51:48","slug":"crayfish-salad","status":"publish","type":"product","link":"https:\/\/order.openpos.tech\/bistrobravas\/produkt\/crayfish-salad\/","title":{"rendered":"Crayfish Salad"},"content":{"rendered":"","protected":false},"excerpt":{"rendered":"<p>jokirapua, chilimajoneesia, aasialaista salaattia, salaattia, suolap\u00e4hkin\u00f6it\u00e4 ja cantaloupe-melonia<br \/>\n.<br \/>\ncrayfish, chili mayo, asian salad, romaine salad, salted nuts and cantaloupe melon<\/p>\n","protected":false},"featured_media":0,"comment_status":"closed","ping_status":"closed","template":"","meta":[],"product_brand":[],"product_cat":[43],"product_tag":[],"class_list":{"0":"post-660","1":"product","2":"type-product","3":"status-publish","5":"product_cat-mains","7":"first","8":"instock","9":"shipping-taxable","10":"purchasable","11":"product-type-simple"},"_links":{"self":[{"href":"https:\/\/order.openpos.tech\/bistrobravas\/wp-json\/wp\/v2\/product\/660","targetHints":{"allow":["GET"]}}],"collection":[{"href":"https:\/\/order.openpos.tech\/bistrobravas\/wp-json\/wp\/v2\/product"}],"about":[{"href":"https:\/\/order.openpos.tech\/bistrobravas\/wp-json\/wp\/v2\/types\/product"}],"replies":[{"embeddable":true,"href":"https:\/\/order.openpos.tech\/bistrobravas\/wp-json\/wp\/v2\/comments?post=660"}],"wp:attachment":[{"href":"https:\/\/order.openpos.tech\/bistrobravas\/wp-json\/wp\/v2\/media?parent=660"}],"wp:term":[{"taxonomy":"product_brand","embeddable":true,"href":"https:\/\/order.openpos.tech\/bistrobravas\/wp-json\/wp\/v2\/product_brand?post=660"},{"taxonomy":"product_cat","embeddable":true,"href":"https:\/\/order.openpos.tech\/bistrobravas\/wp-json\/wp\/v2\/product_cat?post=660"},{"taxonomy":"product_tag","embeddable":true,"href":"https:\/\/order.openpos.tech\/bistrobravas\/wp-json\/wp\/v2\/product_tag?post=660"}],"curies":[{"name":"wp","href":"https:\/\/api.w.org\/{rel}","templated":true}]}}