{"id":661,"date":"2023-05-29T18:21:00","date_gmt":"2023-05-29T15:21:00","guid":{"rendered":"https:\/\/order.openpos.tech\/bistrobravas\/produkt\/chevre-manchego-salad\/"},"modified":"2023-09-08T12:50:42","modified_gmt":"2023-09-08T09:50:42","slug":"chevre-manchego-salad","status":"publish","type":"product","link":"https:\/\/order.openpos.tech\/bistrobravas\/produkt\/chevre-manchego-salad\/","title":{"rendered":"Chevre &amp; Manchego Salad"},"content":{"rendered":"","protected":false},"excerpt":{"rendered":"<p>paistettua vuohenjuustoa, manchego-juustoa, salaattia, broccolinia, retiisi\u00e4, vesimelonia, mansikoita sek\u00e4 siemenn\u00e4kk\u00e4ri\u00e4 ja yrtti\u00f6ljy\u00e4<br \/>\n.<br \/>\nfried chevre, manchego, salad, broccolini, radish, watermelon, strawberries, crispbread, and herb oil<\/p>\n","protected":false},"featured_media":720,"comment_status":"closed","ping_status":"closed","template":"","meta":[],"product_brand":[],"product_cat":[43],"product_tag":[],"class_list":{"0":"post-661","1":"product","2":"type-product","3":"status-publish","4":"has-post-thumbnail","6":"product_cat-mains","8":"first","9":"instock","10":"shipping-taxable","11":"purchasable","12":"product-type-simple"},"_links":{"self":[{"href":"https:\/\/order.openpos.tech\/bistrobravas\/wp-json\/wp\/v2\/product\/661","targetHints":{"allow":["GET"]}}],"collection":[{"href":"https:\/\/order.openpos.tech\/bistrobravas\/wp-json\/wp\/v2\/product"}],"about":[{"href":"https:\/\/order.openpos.tech\/bistrobravas\/wp-json\/wp\/v2\/types\/product"}],"replies":[{"embeddable":true,"href":"https:\/\/order.openpos.tech\/bistrobravas\/wp-json\/wp\/v2\/comments?post=661"}],"wp:featuredmedia":[{"embeddable":true,"href":"https:\/\/order.openpos.tech\/bistrobravas\/wp-json\/wp\/v2\/media\/720"}],"wp:attachment":[{"href":"https:\/\/order.openpos.tech\/bistrobravas\/wp-json\/wp\/v2\/media?parent=661"}],"wp:term":[{"taxonomy":"product_brand","embeddable":true,"href":"https:\/\/order.openpos.tech\/bistrobravas\/wp-json\/wp\/v2\/product_brand?post=661"},{"taxonomy":"product_cat","embeddable":true,"href":"https:\/\/order.openpos.tech\/bistrobravas\/wp-json\/wp\/v2\/product_cat?post=661"},{"taxonomy":"product_tag","embeddable":true,"href":"https:\/\/order.openpos.tech\/bistrobravas\/wp-json\/wp\/v2\/product_tag?post=661"}],"curies":[{"name":"wp","href":"https:\/\/api.w.org\/{rel}","templated":true}]}}