{"id":802,"date":"2025-05-15T16:05:43","date_gmt":"2025-05-15T14:05:43","guid":{"rendered":"https:\/\/order.openpos.tech\/ciaociaodeli\/produkt\/toscana\/"},"modified":"2026-04-12T17:52:31","modified_gmt":"2026-04-12T15:52:31","slug":"toscana","status":"publish","type":"product","link":"https:\/\/order.openpos.tech\/ciaociaodeli\/produkt\/toscana\/","title":{"rendered":"Toscana"},"content":{"rendered":"<p>K\u00f6ttf\u00e4rs, l\u00f6k, jalape\u00f1o,tacos\u00e5s, tacokryddmix, gr\u00e4ddfil<\/p>\n","protected":false},"excerpt":{"rendered":"<p>K\u00f6ttf\u00e4rs, l\u00f6k, jalape\u00f1o,tacos\u00e5s, tacokryddmix, gr\u00e4ddfil<\/p>\n","protected":false},"featured_media":1051,"comment_status":"closed","ping_status":"closed","template":"","meta":[],"product_brand":[],"product_cat":[35],"product_tag":[],"class_list":{"0":"post-802","1":"product","2":"type-product","3":"status-publish","4":"has-post-thumbnail","6":"product_cat-carne","8":"first","9":"instock","10":"shipping-taxable","11":"purchasable","12":"product-type-simple"},"_links":{"self":[{"href":"https:\/\/order.openpos.tech\/ciaociaodeli\/wp-json\/wp\/v2\/product\/802","targetHints":{"allow":["GET"]}}],"collection":[{"href":"https:\/\/order.openpos.tech\/ciaociaodeli\/wp-json\/wp\/v2\/product"}],"about":[{"href":"https:\/\/order.openpos.tech\/ciaociaodeli\/wp-json\/wp\/v2\/types\/product"}],"replies":[{"embeddable":true,"href":"https:\/\/order.openpos.tech\/ciaociaodeli\/wp-json\/wp\/v2\/comments?post=802"}],"wp:featuredmedia":[{"embeddable":true,"href":"https:\/\/order.openpos.tech\/ciaociaodeli\/wp-json\/wp\/v2\/media\/1051"}],"wp:attachment":[{"href":"https:\/\/order.openpos.tech\/ciaociaodeli\/wp-json\/wp\/v2\/media?parent=802"}],"wp:term":[{"taxonomy":"product_brand","embeddable":true,"href":"https:\/\/order.openpos.tech\/ciaociaodeli\/wp-json\/wp\/v2\/product_brand?post=802"},{"taxonomy":"product_cat","embeddable":true,"href":"https:\/\/order.openpos.tech\/ciaociaodeli\/wp-json\/wp\/v2\/product_cat?post=802"},{"taxonomy":"product_tag","embeddable":true,"href":"https:\/\/order.openpos.tech\/ciaociaodeli\/wp-json\/wp\/v2\/product_tag?post=802"}],"curies":[{"name":"wp","href":"https:\/\/api.w.org\/{rel}","templated":true}]}}