{"id":803,"date":"2025-05-15T16:05:43","date_gmt":"2025-05-15T14:05:43","guid":{"rendered":"https:\/\/order.openpos.tech\/ciaociaodeli\/produkt\/provencale\/"},"modified":"2026-04-12T19:22:16","modified_gmt":"2026-04-12T17:22:16","slug":"provencale","status":"publish","type":"product","link":"https:\/\/order.openpos.tech\/ciaociaodeli\/produkt\/provencale\/","title":{"rendered":"Provencale"},"content":{"rendered":"<p>Ost, marinerad oxfil\u00e9, f\u00e4rsk vitl\u00f6k, champinjoner, l\u00f6k, bearnaise, persilja<\/p>\n","protected":false},"excerpt":{"rendered":"<p>Ost, marinerad oxfil\u00e9, f\u00e4rsk vitl\u00f6k, champinjoner, l\u00f6k, bearnaise, persilja<\/p>\n","protected":false},"featured_media":1049,"comment_status":"closed","ping_status":"closed","template":"","meta":[],"product_brand":[],"product_cat":[35],"product_tag":[],"class_list":{"0":"post-803","1":"product","2":"type-product","3":"status-publish","4":"has-post-thumbnail","6":"product_cat-carne","8":"first","9":"instock","10":"shipping-taxable","11":"purchasable","12":"product-type-simple"},"_links":{"self":[{"href":"https:\/\/order.openpos.tech\/ciaociaodeli\/wp-json\/wp\/v2\/product\/803","targetHints":{"allow":["GET"]}}],"collection":[{"href":"https:\/\/order.openpos.tech\/ciaociaodeli\/wp-json\/wp\/v2\/product"}],"about":[{"href":"https:\/\/order.openpos.tech\/ciaociaodeli\/wp-json\/wp\/v2\/types\/product"}],"replies":[{"embeddable":true,"href":"https:\/\/order.openpos.tech\/ciaociaodeli\/wp-json\/wp\/v2\/comments?post=803"}],"wp:featuredmedia":[{"embeddable":true,"href":"https:\/\/order.openpos.tech\/ciaociaodeli\/wp-json\/wp\/v2\/media\/1049"}],"wp:attachment":[{"href":"https:\/\/order.openpos.tech\/ciaociaodeli\/wp-json\/wp\/v2\/media?parent=803"}],"wp:term":[{"taxonomy":"product_brand","embeddable":true,"href":"https:\/\/order.openpos.tech\/ciaociaodeli\/wp-json\/wp\/v2\/product_brand?post=803"},{"taxonomy":"product_cat","embeddable":true,"href":"https:\/\/order.openpos.tech\/ciaociaodeli\/wp-json\/wp\/v2\/product_cat?post=803"},{"taxonomy":"product_tag","embeddable":true,"href":"https:\/\/order.openpos.tech\/ciaociaodeli\/wp-json\/wp\/v2\/product_tag?post=803"}],"curies":[{"name":"wp","href":"https:\/\/api.w.org\/{rel}","templated":true}]}}