{"id":810,"date":"2025-05-15T16:05:43","date_gmt":"2025-05-15T14:05:43","guid":{"rendered":"https:\/\/order.openpos.tech\/ciaociaodeli\/produkt\/amira\/"},"modified":"2026-04-12T19:22:18","modified_gmt":"2026-04-12T17:22:18","slug":"amira","status":"publish","type":"product","link":"https:\/\/order.openpos.tech\/ciaociaodeli\/produkt\/amira\/","title":{"rendered":"Amira"},"content":{"rendered":"<p>F\u00e5rost, k\u00f6ttf\u00e4rs, l\u00f6k, f\u00e4rska tomater, persilja<\/p>\n","protected":false},"excerpt":{"rendered":"<p>F\u00e5rost, k\u00f6ttf\u00e4rs, l\u00f6k, f\u00e4rska tomater, persilja<\/p>\n","protected":false},"featured_media":0,"comment_status":"closed","ping_status":"closed","template":"","meta":[],"product_brand":[],"product_cat":[35],"product_tag":[],"class_list":{"0":"post-810","1":"product","2":"type-product","3":"status-publish","5":"product_cat-carne","7":"first","8":"instock","9":"shipping-taxable","10":"purchasable","11":"product-type-simple"},"_links":{"self":[{"href":"https:\/\/order.openpos.tech\/ciaociaodeli\/wp-json\/wp\/v2\/product\/810","targetHints":{"allow":["GET"]}}],"collection":[{"href":"https:\/\/order.openpos.tech\/ciaociaodeli\/wp-json\/wp\/v2\/product"}],"about":[{"href":"https:\/\/order.openpos.tech\/ciaociaodeli\/wp-json\/wp\/v2\/types\/product"}],"replies":[{"embeddable":true,"href":"https:\/\/order.openpos.tech\/ciaociaodeli\/wp-json\/wp\/v2\/comments?post=810"}],"wp:attachment":[{"href":"https:\/\/order.openpos.tech\/ciaociaodeli\/wp-json\/wp\/v2\/media?parent=810"}],"wp:term":[{"taxonomy":"product_brand","embeddable":true,"href":"https:\/\/order.openpos.tech\/ciaociaodeli\/wp-json\/wp\/v2\/product_brand?post=810"},{"taxonomy":"product_cat","embeddable":true,"href":"https:\/\/order.openpos.tech\/ciaociaodeli\/wp-json\/wp\/v2\/product_cat?post=810"},{"taxonomy":"product_tag","embeddable":true,"href":"https:\/\/order.openpos.tech\/ciaociaodeli\/wp-json\/wp\/v2\/product_tag?post=810"}],"curies":[{"name":"wp","href":"https:\/\/api.w.org\/{rel}","templated":true}]}}