{"id":812,"date":"2025-05-15T16:05:43","date_gmt":"2025-05-15T14:05:43","guid":{"rendered":"https:\/\/order.openpos.tech\/ciaociaodeli\/produkt\/salsiccia-7\/"},"modified":"2026-04-12T20:52:22","modified_gmt":"2026-04-12T18:52:22","slug":"salsiccia-7","status":"publish","type":"product","link":"https:\/\/order.openpos.tech\/ciaociaodeli\/produkt\/salsiccia-7\/","title":{"rendered":"Salsiccia"},"content":{"rendered":"<p>Mozzarella, salsiccia, r\u00f6dl\u00f6k, k\u00f6rsb\u00e4rstomater, svartpeppar, rucola<\/p>\n","protected":false},"excerpt":{"rendered":"<p>Mozzarella, salsiccia, r\u00f6dl\u00f6k, k\u00f6rsb\u00e4rstomater, svartpeppar, rucola<\/p>\n","protected":false},"featured_media":0,"comment_status":"closed","ping_status":"closed","template":"","meta":[],"product_brand":[],"product_cat":[35],"product_tag":[],"class_list":{"0":"post-812","1":"product","2":"type-product","3":"status-publish","5":"product_cat-carne","7":"first","8":"instock","9":"shipping-taxable","10":"purchasable","11":"product-type-simple"},"_links":{"self":[{"href":"https:\/\/order.openpos.tech\/ciaociaodeli\/wp-json\/wp\/v2\/product\/812","targetHints":{"allow":["GET"]}}],"collection":[{"href":"https:\/\/order.openpos.tech\/ciaociaodeli\/wp-json\/wp\/v2\/product"}],"about":[{"href":"https:\/\/order.openpos.tech\/ciaociaodeli\/wp-json\/wp\/v2\/types\/product"}],"replies":[{"embeddable":true,"href":"https:\/\/order.openpos.tech\/ciaociaodeli\/wp-json\/wp\/v2\/comments?post=812"}],"wp:attachment":[{"href":"https:\/\/order.openpos.tech\/ciaociaodeli\/wp-json\/wp\/v2\/media?parent=812"}],"wp:term":[{"taxonomy":"product_brand","embeddable":true,"href":"https:\/\/order.openpos.tech\/ciaociaodeli\/wp-json\/wp\/v2\/product_brand?post=812"},{"taxonomy":"product_cat","embeddable":true,"href":"https:\/\/order.openpos.tech\/ciaociaodeli\/wp-json\/wp\/v2\/product_cat?post=812"},{"taxonomy":"product_tag","embeddable":true,"href":"https:\/\/order.openpos.tech\/ciaociaodeli\/wp-json\/wp\/v2\/product_tag?post=812"}],"curies":[{"name":"wp","href":"https:\/\/api.w.org\/{rel}","templated":true}]}}