{"id":477,"date":"2022-02-04T09:39:43","date_gmt":"2022-02-04T08:39:43","guid":{"rendered":"https:\/\/order.openpos.tech\/kebaberia\/produkt\/falafel-tallrik\/"},"modified":"2026-04-03T20:20:14","modified_gmt":"2026-04-03T18:20:14","slug":"falafel-tallrik","status":"publish","type":"product","link":"https:\/\/order.openpos.tech\/kebaberia\/produkt\/falafel-tallrik\/","title":{"rendered":"Falafel, tallrik"},"content":{"rendered":"","protected":false},"excerpt":{"rendered":"<p>Tabbouleh \u00e4r gjord p\u00e5 persilja, f\u00e4rska tomater, l\u00f6k, olivolja, bulgurvete eller couscousgryn, pressad citron och kryddor<\/p>\n","protected":false},"featured_media":743,"comment_status":"closed","ping_status":"closed","template":"","meta":[],"product_brand":[],"product_cat":[35],"product_tag":[],"class_list":{"0":"post-477","1":"product","2":"type-product","3":"status-publish","4":"has-post-thumbnail","6":"product_cat-vegan","8":"first","9":"instock","10":"shipping-taxable","11":"purchasable","12":"product-type-simple"},"_links":{"self":[{"href":"https:\/\/order.openpos.tech\/kebaberia\/wp-json\/wp\/v2\/product\/477","targetHints":{"allow":["GET"]}}],"collection":[{"href":"https:\/\/order.openpos.tech\/kebaberia\/wp-json\/wp\/v2\/product"}],"about":[{"href":"https:\/\/order.openpos.tech\/kebaberia\/wp-json\/wp\/v2\/types\/product"}],"replies":[{"embeddable":true,"href":"https:\/\/order.openpos.tech\/kebaberia\/wp-json\/wp\/v2\/comments?post=477"}],"wp:featuredmedia":[{"embeddable":true,"href":"https:\/\/order.openpos.tech\/kebaberia\/wp-json\/wp\/v2\/media\/743"}],"wp:attachment":[{"href":"https:\/\/order.openpos.tech\/kebaberia\/wp-json\/wp\/v2\/media?parent=477"}],"wp:term":[{"taxonomy":"product_brand","embeddable":true,"href":"https:\/\/order.openpos.tech\/kebaberia\/wp-json\/wp\/v2\/product_brand?post=477"},{"taxonomy":"product_cat","embeddable":true,"href":"https:\/\/order.openpos.tech\/kebaberia\/wp-json\/wp\/v2\/product_cat?post=477"},{"taxonomy":"product_tag","embeddable":true,"href":"https:\/\/order.openpos.tech\/kebaberia\/wp-json\/wp\/v2\/product_tag?post=477"}],"curies":[{"name":"wp","href":"https:\/\/api.w.org\/{rel}","templated":true}]}}