{"id":481,"date":"2022-02-04T09:39:43","date_gmt":"2022-02-04T08:39:43","guid":{"rendered":"https:\/\/order.openpos.tech\/kebaberia\/produkt\/cig-kofte\/"},"modified":"2026-04-03T21:50:16","modified_gmt":"2026-04-03T19:50:16","slug":"cig-kofte","status":"publish","type":"product","link":"https:\/\/order.openpos.tech\/kebaberia\/produkt\/cig-kofte\/","title":{"rendered":"Cig K\u00f6fte"},"content":{"rendered":"","protected":false},"excerpt":{"rendered":"<p>V\u00e4lj pommes eller ris och vilken s\u00e5s.<\/p>\n","protected":false},"featured_media":750,"comment_status":"closed","ping_status":"closed","template":"","meta":[],"product_brand":[],"product_cat":[35],"product_tag":[],"class_list":{"0":"post-481","1":"product","2":"type-product","3":"status-publish","4":"has-post-thumbnail","6":"product_cat-vegan","8":"first","9":"instock","10":"shipping-taxable","11":"purchasable","12":"product-type-simple"},"_links":{"self":[{"href":"https:\/\/order.openpos.tech\/kebaberia\/wp-json\/wp\/v2\/product\/481","targetHints":{"allow":["GET"]}}],"collection":[{"href":"https:\/\/order.openpos.tech\/kebaberia\/wp-json\/wp\/v2\/product"}],"about":[{"href":"https:\/\/order.openpos.tech\/kebaberia\/wp-json\/wp\/v2\/types\/product"}],"replies":[{"embeddable":true,"href":"https:\/\/order.openpos.tech\/kebaberia\/wp-json\/wp\/v2\/comments?post=481"}],"wp:featuredmedia":[{"embeddable":true,"href":"https:\/\/order.openpos.tech\/kebaberia\/wp-json\/wp\/v2\/media\/750"}],"wp:attachment":[{"href":"https:\/\/order.openpos.tech\/kebaberia\/wp-json\/wp\/v2\/media?parent=481"}],"wp:term":[{"taxonomy":"product_brand","embeddable":true,"href":"https:\/\/order.openpos.tech\/kebaberia\/wp-json\/wp\/v2\/product_brand?post=481"},{"taxonomy":"product_cat","embeddable":true,"href":"https:\/\/order.openpos.tech\/kebaberia\/wp-json\/wp\/v2\/product_cat?post=481"},{"taxonomy":"product_tag","embeddable":true,"href":"https:\/\/order.openpos.tech\/kebaberia\/wp-json\/wp\/v2\/product_tag?post=481"}],"curies":[{"name":"wp","href":"https:\/\/api.w.org\/{rel}","templated":true}]}}