{"id":1814,"date":"2022-02-24T10:45:41","date_gmt":"2022-02-24T09:45:41","guid":{"rendered":"https:\/\/order.openpos.tech\/klangmarket\/produkt\/chevre-walnuts-pizza\/"},"modified":"2022-06-22T10:24:19","modified_gmt":"2022-06-22T08:24:19","slug":"chevre-walnuts-pizza","status":"publish","type":"product","link":"https:\/\/order.openpos.tech\/klangmarket\/produkt\/chevre-walnuts-pizza\/","title":{"rendered":"Ch\u00e8vre &amp; Walnuts Pizza"},"content":{"rendered":"","protected":false},"excerpt":{"rendered":"<p>Cr\u00e8me fraiche, mozzarella, ch\u00e8vre, gul l\u00f6k, chili, valn\u00f6tter<br \/>\noch honung.<\/p>\n","protected":false},"featured_media":0,"comment_status":"closed","ping_status":"closed","template":"","meta":[],"product_brand":[],"product_cat":[118],"product_tag":[],"class_list":{"0":"post-1814","1":"product","2":"type-product","3":"status-publish","5":"product_cat-lunch","7":"first","8":"instock","9":"shipping-taxable","10":"purchasable","11":"product-type-simple"},"_links":{"self":[{"href":"https:\/\/order.openpos.tech\/klangmarket\/wp-json\/wp\/v2\/product\/1814","targetHints":{"allow":["GET"]}}],"collection":[{"href":"https:\/\/order.openpos.tech\/klangmarket\/wp-json\/wp\/v2\/product"}],"about":[{"href":"https:\/\/order.openpos.tech\/klangmarket\/wp-json\/wp\/v2\/types\/product"}],"replies":[{"embeddable":true,"href":"https:\/\/order.openpos.tech\/klangmarket\/wp-json\/wp\/v2\/comments?post=1814"}],"wp:attachment":[{"href":"https:\/\/order.openpos.tech\/klangmarket\/wp-json\/wp\/v2\/media?parent=1814"}],"wp:term":[{"taxonomy":"product_brand","embeddable":true,"href":"https:\/\/order.openpos.tech\/klangmarket\/wp-json\/wp\/v2\/product_brand?post=1814"},{"taxonomy":"product_cat","embeddable":true,"href":"https:\/\/order.openpos.tech\/klangmarket\/wp-json\/wp\/v2\/product_cat?post=1814"},{"taxonomy":"product_tag","embeddable":true,"href":"https:\/\/order.openpos.tech\/klangmarket\/wp-json\/wp\/v2\/product_tag?post=1814"}],"curies":[{"name":"wp","href":"https:\/\/api.w.org\/{rel}","templated":true}]}}