{"id":1823,"date":"2022-02-24T10:45:41","date_gmt":"2022-02-24T09:45:41","guid":{"rendered":"https:\/\/order.openpos.tech\/klangmarket\/produkt\/asian-shrimp-salad-2\/"},"modified":"2022-06-01T10:24:36","modified_gmt":"2022-06-01T08:24:36","slug":"asian-shrimp-salad-2","status":"publish","type":"product","link":"https:\/\/order.openpos.tech\/klangmarket\/produkt\/asian-shrimp-salad-2\/","title":{"rendered":"Asian Shrimp Salad"},"content":{"rendered":"","protected":false},"excerpt":{"rendered":"<p>Handskalade r\u00e4kor, mixsallad, picklad r\u00f6dl\u00f6k, avocador\u00f6ra, kr\u00e4migt \u00e4gg, marinerade glasnudlar, sesamdressing, lime och koriander.<\/p>\n","protected":false},"featured_media":0,"comment_status":"closed","ping_status":"closed","template":"","meta":[],"product_brand":[],"product_cat":[118],"product_tag":[],"class_list":{"0":"post-1823","1":"product","2":"type-product","3":"status-publish","5":"product_cat-lunch","7":"first","8":"instock","9":"shipping-taxable","10":"purchasable","11":"product-type-simple"},"_links":{"self":[{"href":"https:\/\/order.openpos.tech\/klangmarket\/wp-json\/wp\/v2\/product\/1823","targetHints":{"allow":["GET"]}}],"collection":[{"href":"https:\/\/order.openpos.tech\/klangmarket\/wp-json\/wp\/v2\/product"}],"about":[{"href":"https:\/\/order.openpos.tech\/klangmarket\/wp-json\/wp\/v2\/types\/product"}],"replies":[{"embeddable":true,"href":"https:\/\/order.openpos.tech\/klangmarket\/wp-json\/wp\/v2\/comments?post=1823"}],"wp:attachment":[{"href":"https:\/\/order.openpos.tech\/klangmarket\/wp-json\/wp\/v2\/media?parent=1823"}],"wp:term":[{"taxonomy":"product_brand","embeddable":true,"href":"https:\/\/order.openpos.tech\/klangmarket\/wp-json\/wp\/v2\/product_brand?post=1823"},{"taxonomy":"product_cat","embeddable":true,"href":"https:\/\/order.openpos.tech\/klangmarket\/wp-json\/wp\/v2\/product_cat?post=1823"},{"taxonomy":"product_tag","embeddable":true,"href":"https:\/\/order.openpos.tech\/klangmarket\/wp-json\/wp\/v2\/product_tag?post=1823"}],"curies":[{"name":"wp","href":"https:\/\/api.w.org\/{rel}","templated":true}]}}