{"id":1842,"date":"2022-02-24T10:45:49","date_gmt":"2022-02-24T09:45:49","guid":{"rendered":"https:\/\/order.openpos.tech\/klangmarket\/produkt\/salami-picante-pizza\/"},"modified":"2022-06-22T10:24:29","modified_gmt":"2022-06-22T08:24:29","slug":"salami-picante-pizza","status":"publish","type":"product","link":"https:\/\/order.openpos.tech\/klangmarket\/produkt\/salami-picante-pizza\/","title":{"rendered":"Salami Picante Pizza"},"content":{"rendered":"","protected":false},"excerpt":{"rendered":"<p>Tomats\u00e5s, mozzarella, stark salami, sallad, k\u00f6rsb\u00e4rs-<br \/>\ntomater och riven parmesan.<\/p>\n","protected":false},"featured_media":0,"comment_status":"closed","ping_status":"closed","template":"","meta":[],"product_brand":[],"product_cat":[118],"product_tag":[],"class_list":{"0":"post-1842","1":"product","2":"type-product","3":"status-publish","5":"product_cat-lunch","7":"first","8":"instock","9":"shipping-taxable","10":"purchasable","11":"product-type-simple"},"_links":{"self":[{"href":"https:\/\/order.openpos.tech\/klangmarket\/wp-json\/wp\/v2\/product\/1842","targetHints":{"allow":["GET"]}}],"collection":[{"href":"https:\/\/order.openpos.tech\/klangmarket\/wp-json\/wp\/v2\/product"}],"about":[{"href":"https:\/\/order.openpos.tech\/klangmarket\/wp-json\/wp\/v2\/types\/product"}],"replies":[{"embeddable":true,"href":"https:\/\/order.openpos.tech\/klangmarket\/wp-json\/wp\/v2\/comments?post=1842"}],"wp:attachment":[{"href":"https:\/\/order.openpos.tech\/klangmarket\/wp-json\/wp\/v2\/media?parent=1842"}],"wp:term":[{"taxonomy":"product_brand","embeddable":true,"href":"https:\/\/order.openpos.tech\/klangmarket\/wp-json\/wp\/v2\/product_brand?post=1842"},{"taxonomy":"product_cat","embeddable":true,"href":"https:\/\/order.openpos.tech\/klangmarket\/wp-json\/wp\/v2\/product_cat?post=1842"},{"taxonomy":"product_tag","embeddable":true,"href":"https:\/\/order.openpos.tech\/klangmarket\/wp-json\/wp\/v2\/product_tag?post=1842"}],"curies":[{"name":"wp","href":"https:\/\/api.w.org\/{rel}","templated":true}]}}