{"id":1845,"date":"2022-02-24T10:45:49","date_gmt":"2022-02-24T09:45:49","guid":{"rendered":"https:\/\/order.openpos.tech\/klangmarket\/produkt\/steak-minute-l\/"},"modified":"2022-06-22T10:24:29","modified_gmt":"2022-06-22T08:24:29","slug":"steak-minute-l","status":"publish","type":"product","link":"https:\/\/order.openpos.tech\/klangmarket\/produkt\/steak-minute-l\/","title":{"rendered":"Steak Minute L"},"content":{"rendered":"","protected":false},"excerpt":{"rendered":"<p>Ryggbiff, r\u00f6dvinss\u00e5s, bearnaises\u00e5s, pommes frites,<br \/>\nfriterad broccoli och semibakad tomat.<\/p>\n","protected":false},"featured_media":0,"comment_status":"closed","ping_status":"closed","template":"","meta":[],"product_brand":[],"product_cat":[118],"product_tag":[],"class_list":{"0":"post-1845","1":"product","2":"type-product","3":"status-publish","5":"product_cat-lunch","7":"first","8":"instock","9":"shipping-taxable","10":"purchasable","11":"product-type-simple"},"_links":{"self":[{"href":"https:\/\/order.openpos.tech\/klangmarket\/wp-json\/wp\/v2\/product\/1845","targetHints":{"allow":["GET"]}}],"collection":[{"href":"https:\/\/order.openpos.tech\/klangmarket\/wp-json\/wp\/v2\/product"}],"about":[{"href":"https:\/\/order.openpos.tech\/klangmarket\/wp-json\/wp\/v2\/types\/product"}],"replies":[{"embeddable":true,"href":"https:\/\/order.openpos.tech\/klangmarket\/wp-json\/wp\/v2\/comments?post=1845"}],"wp:attachment":[{"href":"https:\/\/order.openpos.tech\/klangmarket\/wp-json\/wp\/v2\/media?parent=1845"}],"wp:term":[{"taxonomy":"product_brand","embeddable":true,"href":"https:\/\/order.openpos.tech\/klangmarket\/wp-json\/wp\/v2\/product_brand?post=1845"},{"taxonomy":"product_cat","embeddable":true,"href":"https:\/\/order.openpos.tech\/klangmarket\/wp-json\/wp\/v2\/product_cat?post=1845"},{"taxonomy":"product_tag","embeddable":true,"href":"https:\/\/order.openpos.tech\/klangmarket\/wp-json\/wp\/v2\/product_tag?post=1845"}],"curies":[{"name":"wp","href":"https:\/\/api.w.org\/{rel}","templated":true}]}}