{"id":533,"date":"2024-03-27T16:20:57","date_gmt":"2024-03-27T15:20:57","guid":{"rendered":"https:\/\/order.openpos.tech\/ostanbacken\/produkt\/vegansk-kyckling-special\/"},"modified":"2025-07-07T11:51:05","modified_gmt":"2025-07-07T09:51:05","slug":"vegansk-kyckling-special","status":"publish","type":"product","link":"https:\/\/order.openpos.tech\/ostanbacken\/produkt\/vegansk-kyckling-special\/","title":{"rendered":"Vegansk Kyckling Special"},"content":{"rendered":"","protected":false},"excerpt":{"rendered":"<p>Tomats\u00e5s, Fefferoni, Tomater (F\u00e4rska), L\u00f6k, Veganost, Vegansk Vitl\u00f6kss\u00e5s<\/p>\n","protected":false},"featured_media":0,"comment_status":"closed","ping_status":"closed","template":"","meta":[],"product_brand":[],"product_cat":[49],"product_tag":[],"class_list":{"0":"post-533","1":"product","2":"type-product","3":"status-publish","5":"product_cat-vegan-meny","7":"first","8":"instock","9":"shipping-taxable","10":"purchasable","11":"product-type-simple"},"_links":{"self":[{"href":"https:\/\/order.openpos.tech\/ostanbacken\/wp-json\/wp\/v2\/product\/533","targetHints":{"allow":["GET"]}}],"collection":[{"href":"https:\/\/order.openpos.tech\/ostanbacken\/wp-json\/wp\/v2\/product"}],"about":[{"href":"https:\/\/order.openpos.tech\/ostanbacken\/wp-json\/wp\/v2\/types\/product"}],"replies":[{"embeddable":true,"href":"https:\/\/order.openpos.tech\/ostanbacken\/wp-json\/wp\/v2\/comments?post=533"}],"wp:attachment":[{"href":"https:\/\/order.openpos.tech\/ostanbacken\/wp-json\/wp\/v2\/media?parent=533"}],"wp:term":[{"taxonomy":"product_brand","embeddable":true,"href":"https:\/\/order.openpos.tech\/ostanbacken\/wp-json\/wp\/v2\/product_brand?post=533"},{"taxonomy":"product_cat","embeddable":true,"href":"https:\/\/order.openpos.tech\/ostanbacken\/wp-json\/wp\/v2\/product_cat?post=533"},{"taxonomy":"product_tag","embeddable":true,"href":"https:\/\/order.openpos.tech\/ostanbacken\/wp-json\/wp\/v2\/product_tag?post=533"}],"curies":[{"name":"wp","href":"https:\/\/api.w.org\/{rel}","templated":true}]}}