{"id":2699,"date":"2024-11-14T17:10:30","date_gmt":"2024-11-14T16:10:30","guid":{"rendered":"https:\/\/order.openpos.tech\/rollinbistros\/produkt\/grandmas-coffee-2\/"},"modified":"2026-04-15T03:10:34","modified_gmt":"2026-04-15T01:10:34","slug":"grandmas-coffee-2","status":"publish","type":"product","link":"https:\/\/order.openpos.tech\/rollinbistros\/produkt\/grandmas-coffee-2\/","title":{"rendered":"Grandma&#8217;s Coffee"},"content":{"rendered":"","protected":false},"excerpt":{"rendered":"<p>Hallonlik\u00f6r, vit chokladlik\u00f6r, americano, gr\u00e4dde<\/p>\n","protected":false},"featured_media":0,"comment_status":"closed","ping_status":"closed","template":"","meta":[],"product_brand":[],"product_cat":[96],"product_tag":[],"class_list":{"0":"post-2699","1":"product","2":"type-product","3":"status-publish","5":"product_cat-dessert-kaffe-drinkar","7":"first","8":"instock","9":"shipping-taxable","10":"purchasable","11":"product-type-simple"},"_links":{"self":[{"href":"https:\/\/order.openpos.tech\/rollinbistros\/wp-json\/wp\/v2\/product\/2699","targetHints":{"allow":["GET"]}}],"collection":[{"href":"https:\/\/order.openpos.tech\/rollinbistros\/wp-json\/wp\/v2\/product"}],"about":[{"href":"https:\/\/order.openpos.tech\/rollinbistros\/wp-json\/wp\/v2\/types\/product"}],"replies":[{"embeddable":true,"href":"https:\/\/order.openpos.tech\/rollinbistros\/wp-json\/wp\/v2\/comments?post=2699"}],"wp:attachment":[{"href":"https:\/\/order.openpos.tech\/rollinbistros\/wp-json\/wp\/v2\/media?parent=2699"}],"wp:term":[{"taxonomy":"product_brand","embeddable":true,"href":"https:\/\/order.openpos.tech\/rollinbistros\/wp-json\/wp\/v2\/product_brand?post=2699"},{"taxonomy":"product_cat","embeddable":true,"href":"https:\/\/order.openpos.tech\/rollinbistros\/wp-json\/wp\/v2\/product_cat?post=2699"},{"taxonomy":"product_tag","embeddable":true,"href":"https:\/\/order.openpos.tech\/rollinbistros\/wp-json\/wp\/v2\/product_tag?post=2699"}],"curies":[{"name":"wp","href":"https:\/\/api.w.org\/{rel}","templated":true}]}}