{"id":1108,"date":"2022-11-17T11:20:29","date_gmt":"2022-11-17T10:20:29","guid":{"rendered":"https:\/\/order.openpos.tech\/vallentunastenugnsbageri\/produkt\/pollo-bianco\/"},"modified":"2025-02-28T11:21:19","modified_gmt":"2025-02-28T10:21:19","slug":"pollo-bianco","status":"publish","type":"product","link":"https:\/\/order.openpos.tech\/vallentunastenugnsbageri\/produkt\/pollo-bianco\/","title":{"rendered":"Pollo Bianco"},"content":{"rendered":"","protected":false},"excerpt":{"rendered":"<p>Mozzarella, kyckling, r\u00f6dl\u00f6k, soltorkade tomater, flingsalt, svartpeppar, ruccola, vitl\u00f6k<br \/>\n(gluten, mj\u00f6lk)<\/p>\n","protected":false},"featured_media":0,"comment_status":"closed","ping_status":"closed","template":"","meta":[],"product_brand":[],"product_cat":[],"product_tag":[],"class_list":{"0":"post-1108","1":"product","2":"type-product","3":"status-publish","6":"first","7":"instock","8":"shipping-taxable","9":"purchasable","10":"product-type-simple"},"_links":{"self":[{"href":"https:\/\/order.openpos.tech\/vallentunastenugnsbageri\/wp-json\/wp\/v2\/product\/1108","targetHints":{"allow":["GET"]}}],"collection":[{"href":"https:\/\/order.openpos.tech\/vallentunastenugnsbageri\/wp-json\/wp\/v2\/product"}],"about":[{"href":"https:\/\/order.openpos.tech\/vallentunastenugnsbageri\/wp-json\/wp\/v2\/types\/product"}],"replies":[{"embeddable":true,"href":"https:\/\/order.openpos.tech\/vallentunastenugnsbageri\/wp-json\/wp\/v2\/comments?post=1108"}],"wp:attachment":[{"href":"https:\/\/order.openpos.tech\/vallentunastenugnsbageri\/wp-json\/wp\/v2\/media?parent=1108"}],"wp:term":[{"taxonomy":"product_brand","embeddable":true,"href":"https:\/\/order.openpos.tech\/vallentunastenugnsbageri\/wp-json\/wp\/v2\/product_brand?post=1108"},{"taxonomy":"product_cat","embeddable":true,"href":"https:\/\/order.openpos.tech\/vallentunastenugnsbageri\/wp-json\/wp\/v2\/product_cat?post=1108"},{"taxonomy":"product_tag","embeddable":true,"href":"https:\/\/order.openpos.tech\/vallentunastenugnsbageri\/wp-json\/wp\/v2\/product_tag?post=1108"}],"curies":[{"name":"wp","href":"https:\/\/api.w.org\/{rel}","templated":true}]}}